{"id":21302,"date":"2023-12-15T12:22:26","date_gmt":"2023-12-15T11:22:26","guid":{"rendered":"https:\/\/muzeumtreblinka.eu\/?page_id=21302"},"modified":"2025-10-29T13:24:53","modified_gmt":"2025-10-29T12:24:53","slug":"meritorious-for-the-treblinka-museum","status":"publish","type":"page","link":"https:\/\/muzeumtreblinka.eu\/en\/meritorious-for-the-treblinka-museum\/","title":{"rendered":"&#8220;Meritorious for the Treblinka Museum&#8221;"},"content":{"rendered":"<div class=\"wpb-content-wrapper\"><p>[vc_row][vc_column][vc_empty_space height=&#8221;60px&#8221;][vc_custom_heading text=&#8221;People and institutions awarded with the &#8220;Meritorious for the Treblinka Museum&#8220; medal so far&#8221; font_container=&#8221;tag:h3|font_size:28|text_align:left&#8221; use_theme_fonts=&#8221;yes&#8221;][cesis_line_divider pos=&#8221;cesis_line_d_left&#8221; width=&#8221;100&#8243; color=&#8221;#dbdee5&#8243; margin_bottom=&#8221;30&#8243;][vc_column_text css=&#8221;&#8221;]<\/p>\n<ol>\n<li>Ada Krystyna Willenberg, widow of Samuel Willenberg. Holocaust survivor, 02.08.2022.<\/li>\n<li>Caroline Sturdy Colls, Professor at Staffordshire University, archaeologist specializing in Holocaust studies, human remains identification, and crime scene investigation, 04.08.2022.<\/li>\n<li>Edward Su\u0142ek, Chairman of the German-Polish Association in Saxony-Anhalt, long-time guide and interpreter for German groups visiting the Treblinka Memorial Site, 15.11.2022.<\/li>\n<li>Maik Reichel, Director of the Federal Agency for Civic Education Saxony-Anhalt, 15.11.2022.<\/li>\n<li>Dr. Otto Schlein School in Magdeburg, 16.11.2022.<\/li>\n<li>Peter Wetzel from the Federal Agency for Civic Education Saxony-Anhalt, 16.11.2022.<\/li>\n<li>Katja Behrens, teacher, initiator, and companion of trips of German youth to the Treblinka Memorial Site, 16.11.2022.<\/li>\n<li>Jan S\u0142omiak, Mayor of the City and Municipality of Kos\u00f3w Lacki, 5.02.2023.<\/li>\n<li>Management and Staff of the Municipal-Cultural Center in Kos\u00f3w Lacki, 5.02.2023.<\/li>\n<li>Halina Birenbaum, Polish-Israeli writer, translator, poet. Holocaust survivor, 21.04.2023.<\/li>\n<li>El\u017cbieta Lanc, Member of the Board of the Masovian Voivodeship, Chairperson of the Museum Council at the Treblinka Museum for the 2019-2023 term, 29.04.2023.<\/li>\n<li>Zofia Chyra-Rolicz, Professor at the Institute of History, University of Natural Sciences and Humanities in Siedlce, Vice-Chairperson of the Museum Council at the Treblinka Museum for the 2019-2023 term, 29.04.2023.<\/li>\n<li>Gideon Nissenbaum, President of the Nissenbaum Family Foundation, Member of the Museum Council at the Treblinka Museum for the 2019-2023 term, 29.04.2023.<\/li>\n<li>Jaros\u0142aw Sellin, Secretary of State at the Ministry of Culture and National Heritage, Member of the Museum Council at the Treblinka Museum for the 2019-2023 term, 29.04.2023.<\/li>\n<li>Stanis\u0142aw Stankiewicz, President of the Association of Roma in Poland based in Szczecinek, Member of the Museum Council at the Treblinka Museum for the 2019-2023 term, 29.04.2023.<\/li>\n<li>Artur Ziontek, literary historian, regionalist. Member of the Museum Council at the Treblinka Museum for the 2019-2023 term, 29.04.2023.<\/li>\n<li>Magdalena Sa\u0142ata, Director of the Masovian Voivodeship Marshal&#8217;s Office Delegation in Siedlce, Member of the Museum Council at the Treblinka Museum for the 2019-2023 term, 8.05.2023.<\/li>\n<li>Andrzej Mr\u00f3z, owner of the energy company MADO, 19.05.2023.<\/li>\n<li>Roman Chojnacki, long-time President of the Association of Roma in Poland based in Szczecinek, Member of the Museum Council at the Treblinka Museum for the 2019-2023 term, 22.05.2023.<\/li>\n<li>Scout Troop of the Mazovian Banner of the Polish Scouting Association named after Janusz Korczak in Soko\u0142\u00f3w Podlaski, 2.06.2023.<\/li>\n<li>J\u00f3zef Mali\u0144ski, President of the Mazovian Regional Board of the Association of Combatants of the Republic of Poland and Former Political Prisoners (ZKRPiBWP), 14.06.2023.<\/li>\n<li>Reverend Pawe\u0142 Rytel-Andrianik, Director of the Office for Foreign Communication of the Polish Episcopal Conference, 14.06.2023.<\/li>\n<li>Bo\u017cena Kordek, Mayor of Ma\u0142kinia G\u00f3rna Municipality, 14.06.2023.<\/li>\n<li>Delegation in Siedlce, Provincial Office for the Protection of Monuments in Warsaw, 14.06.2023.<\/li>\n<li>County Office in Soko\u0142\u00f3w Podlaski, 14.06.2023.<\/li>\n<li>St. Staszic School Complex in Ma\u0142kinia G\u00f3rna, 14.06.2023.<\/li>\n<li>Barbara Janina Sochal, President of the Janusz Korczak Association, Member of the Museum Council for the 2019-2023 term, 14.06.2023.<\/li>\n<li>Beate Stollberg-Wolschendorf, German retired history teacher at the Gymnasium in Bethel, Bielefeld, 28.06.2023.<\/li>\n<li>Initiative Schoah-Gedenkst\u00e4tten beim Kirchenkreis Bielefeld (Initiative for the Support of Shoah Memorial Sites \u2013 Church District of Bielefeld), 28.06.2023.<\/li>\n<li>Adam Struzik, Marshal of the Masovian Voivodeship, 02.08.2023.<\/li>\n<li>Emanuel Ringelblum Jewish Historical Institute, 02.08.2023.<\/li>\n<li>The &#8220;Memory of Treblinka&#8221; Foundation, 02.08.2023.<\/li>\n<li>Jerzy Tomczuk, 20.09.2023.<\/li>\n<li>Sabnie Municipal Office, 20.09.2023.<\/li>\n<li>Nikos Kosmidis, 06.12.2023.<\/li>\n<li>Theodoros Mouriadis, Mayor of the City of Kavala (Greece), 06.12.2023.<\/li>\n<li>The Emanuel Ringelblum Jewish Historical Institute, 01.02.2024.<\/li>\n<li>The Memory of Treblinka Foundation, 01.02.2024.<\/li>\n<li>22nd Military Cartographic Center in Komorowo, 22.02.2024<\/li>\n<li>dr Reiner Haseloff, Premier Saksonii-Anhaltu, 24.04.2024.<\/li>\n<li>dr Ute Hoffmann, Longtime Director of the Bernburg Memorial Site, 25.04.2024.<\/li>\n<li>Krzysztof Bukowski, Prosecutor of the Institute of National Remembrance Commission for the Prosecution of Crimes against the Polish Nation, Szczecin Branch, Koszalin Delegation, June 14, 2024.<\/li>\n<li>Piotr To\u0142wi\u0144ski, 14.09.2024 r<\/li>\n<li>Zbigniew Banaszek, 16.06.2025 r.<\/li>\n<li>Bo\u017cena i Andrzej Bry\u0144czak,16.06.2025 r.<\/li>\n<li>Joanna Gierczy\u0144ska, 16.06.2025 r.<\/li>\n<li>Wojciech Hada\u0142a, 16.06.2025 r.<\/li>\n<li>Ewa Iwanowska i W\u0142odzimierz Zi\u00f3\u0142kowski, 16.06.2025 r.<\/li>\n<li>Karol Jazowski, 16.06.2025 r.<\/li>\n<li>Justyna Kalisz-Kowalska, 16.06.2025 r.<\/li>\n<li>District Fire Brigade Headquarters, 16.06.2025 r.<\/li>\n<li>District Police Headquarters in Soko\u0142\u00f3w Podlaski, 16.06.2025 r.<\/li>\n<li>Kowalscy Aleksandra i Bartosz, 16.06.2025 r.<\/li>\n<li>Teresa Krawczyk, 16.06.2025 r.<\/li>\n<li>Hanna i Krzysztof Lubaszka, 16.06.2025 r.<\/li>\n<li>Grzegorz Maleszewski, 16.06.2025 r.<\/li>\n<li>Marek Michalski, 16.06.2025 r.<\/li>\n<li>Volunteer Fire Brigade in Kos\u00f3w Lacki, 16.06.2025 r.<\/li>\n<li>Parish of the Holy Trinity and St. Anne in Prosty\u0144, 16.06.2025 r.<\/li>\n<li>Zofia i Rafa\u0142 Piotrowscy, 16.06.2025 r.<\/li>\n<li>Halina Rytel-Skorek, 16.06.2025 r.<\/li>\n<li>Dorota Rzepecka, 16.06.2025 r.<\/li>\n<li>Ewa Siwek, 16.06.2025 r.<\/li>\n<li>Director of the Special Educational Center in Zuzela, 16.06.2025 r.<\/li>\n<li>Cardinal Stefan Wyszy\u0144ski Primary School in Kos\u00f3w Lacki, 16.06.2025 r.<\/li>\n<li>Penitentiary in Siedlce, 16.06.2025 r.<\/li>\n<li>School Complex in Kos\u00f3w Lack<strong>i<\/strong>, 16.06.2025 r.<\/li>\n<li>Henryka \u017babik, 16.06.2025 r.<\/li>\n<li>Maria Pisarek, 09.07.025 r.<\/li>\n<li>Szymon Bednarz, 23.07.2025\u00a0 r.<\/li>\n<li>Joanna Zas\u0142ona,23.07.2025 r.<\/li>\n<\/ol>\n<p>[\/vc_column_text][\/vc_column][\/vc_row]<\/p>\n<\/div>","protected":false},"excerpt":{"rendered":"<p>[vc_row][vc_column][vc_empty_space height=&#8221;60px&#8221;][vc_custom_heading text=&#8221;People and institutions awarded with the &#8220;Meritorious for the Treblinka Museum&#8220; medal so far&#8221; font_container=&#8221;tag:h3|font_size:28|text_align:left&#8221; use_theme_fonts=&#8221;yes&#8221;][cesis_line_divider pos=&#8221;cesis_line_d_left&#8221; width=&#8221;100&#8243; color=&#8221;#dbdee5&#8243; margin_bottom=&#8221;30&#8243;][vc_column_text css=&#8221;&#8221;] Ada Krystyna Willenberg, widow of Samuel Willenberg. Holocaust survivor, 02.08.2022. Caroline Sturdy Colls, Professor at Staffordshire University, archaeologist specializing in Holocaust studies, human remains identification, and crime scene investigation, 04.08.2022. Edward Su\u0142ek, [&hellip;]<\/p>\n","protected":false},"author":3,"featured_media":0,"parent":0,"menu_order":0,"comment_status":"closed","ping_status":"closed","template":"","meta":{"footnotes":""},"class_list":["post-21302","page","type-page","status-publish","hentry"],"_links":{"self":[{"href":"https:\/\/muzeumtreblinka.eu\/en\/wp-json\/wp\/v2\/pages\/21302","targetHints":{"allow":["GET"]}}],"collection":[{"href":"https:\/\/muzeumtreblinka.eu\/en\/wp-json\/wp\/v2\/pages"}],"about":[{"href":"https:\/\/muzeumtreblinka.eu\/en\/wp-json\/wp\/v2\/types\/page"}],"author":[{"embeddable":true,"href":"https:\/\/muzeumtreblinka.eu\/en\/wp-json\/wp\/v2\/users\/3"}],"replies":[{"embeddable":true,"href":"https:\/\/muzeumtreblinka.eu\/en\/wp-json\/wp\/v2\/comments?post=21302"}],"version-history":[{"count":12,"href":"https:\/\/muzeumtreblinka.eu\/en\/wp-json\/wp\/v2\/pages\/21302\/revisions"}],"predecessor-version":[{"id":25970,"href":"https:\/\/muzeumtreblinka.eu\/en\/wp-json\/wp\/v2\/pages\/21302\/revisions\/25970"}],"wp:attachment":[{"href":"https:\/\/muzeumtreblinka.eu\/en\/wp-json\/wp\/v2\/media?parent=21302"}],"curies":[{"name":"wp","href":"https:\/\/api.w.org\/{rel}","templated":true}]}}