{"id":11458,"date":"2018-12-21T18:10:29","date_gmt":"2018-12-21T15:10:29","guid":{"rendered":"https:\/\/muzeumtreblinka.eu\/o-muzeum\/"},"modified":"2025-10-17T14:07:32","modified_gmt":"2025-10-17T12:07:32","slug":"about-the-museum","status":"publish","type":"page","link":"https:\/\/muzeumtreblinka.eu\/en\/about-the-museum\/","title":{"rendered":"About the museum"},"content":{"rendered":"<div class=\"wpb-content-wrapper\"><p>[vc_row][vc_column][vc_empty_space height=&#8221;60px&#8221;][vc_custom_heading text=&#8221;Structure of the museum&#8221; font_container=&#8221;tag:h3|font_size:28|text_align:left&#8221; use_theme_fonts=&#8221;yes&#8221;][cesis_line_divider pos=&#8221;cesis_line_d_left&#8221; width=&#8221;100&#8243; color=&#8221;#dbdee5&#8243; margin_bottom=&#8221;30&#8243;][vc_column_text css=&#8221;&#8221;]<\/p>\n<p class=\"p1\" style=\"text-align: justify;\"><span class=\"s1\"><b>Museum Director: Edward Kop\u00f3wka \u2013 PhD, certified curator<\/b><\/span><\/p>\n<p class=\"p2\" style=\"text-align: justify;\"><span class=\"s1\">Born in 1963, has lived in Siedlce since 1970. In 2009, he received the title of <b>doctor of humanities<\/b> at the Podlasie Academy in Siedlce (currently the University of Life Sciences and Humanities). He defended his dissertation on Jews in Siedlce in the 19th and 20th centuries. He deepened his knowledge on courses in Yad Vashem in Jerusalem and Goethe Institut in Berlin. Since 1996, he has been the director of the Treblinka Museum of Struggle and Martyrdom, and since July 2018, he has been appointed the director of the Treblinka Museum. The Nazi German Extermination and Forced Labour Camp (1941-1944)<\/span><\/p>\n<p class=\"p1\" style=\"text-align: justify;\"><span class=\"s1\">On 11 May 2017, President Andrzej Duda awarded him with the <b>Cross of Freedom and Solidarity<\/b>. In 2011, he received the <b>Knight\u2019s Cross of the Order of Polonia Restituta<\/b> awarded by President of the Republic of Poland Bronis\u0142aw Komorowski. In 2012, he received the <b>Medal of the Warsaw Ghetto Uprising<\/b> awarded by the <b>Association of Jewish Combatants and Victims of World War II<\/b> in recognition of cultivating the historical truth about Polish-Jewish relations, especially during the Holocaust. In the same year, he also received a <b>Distinction in the Zygmunt Gloger Medal Competition<\/b> \u201cfor his research into the history of martyrdom and extermination of the Jewish community in Treblinka\u201d.<\/span><\/p>\n<p class=\"p1\" style=\"text-align: justify;\"><span class=\"s1\"><b>He is the author and co-author of many books<\/b>, the most important of which, according to him, are: <i>Bojownikom o Niepodleg\u0142o\u015b\u0107 Cze\u015b\u0107!<\/i>, (Siedlce, 2001, together with his wife Katarzyna), <i>Treblinka. Nigdy wi\u0119cej<\/i>, (Treblinka, 2002), <i>Stalag 366<\/i>, (Siedlce, 2004), <i>\u017bydzi w Siedlcach 1850-1945<\/i>, (Siedlce, 2009), <i>Dam im imi\u0119 na wieki. Polacy z okolic Treblinki ratuj\u0105cy \u017byd\u00f3w<\/i>, (Oxford-Treblinka, 2011, together with priest Pawe\u0142 Rytel-Andrianik), <i>Jews in Siedlce 1850 \u2013 1945<\/i>, New York [2014], <i>Ob\u00f3z Pracy Treblinka I. Metodyka integracji danych wielo\u017ar\u00f3d\u0142owych<\/i>, (Warszawa-Treblinka, 2017, together with Sebastian R\u00f3\u017cycki and Marek Michalski).<\/span><\/p>\n<p class=\"p1\" style=\"text-align: justify;\"><strong>e-mail:<\/strong> <a href=\"mailto:e.kopowka@muzeumtreblinka.eu\">e.kopowka@muzeumtreblinka.eu<\/a><\/p>\n<p style=\"text-align: justify;\"><strong>Acting Deputy Director for the Former Extermination Camp and the Labour Camp: <\/strong>Albert Stankowski<\/p>\n<p>Historian, museum professional, and expert on Holocaust remembrance and the history of Jewish communities in Poland. From 2018 to 2025, he served as Director of the Warsaw Ghetto Museum.<\/p>\n<p style=\"text-align: justify;\">Since September 2025, he has been Acting Deputy Director\u00a0 for the Former Extermination Camp and the Labour Camp of the Treblinka Museum. He is a co-founder of the POLIN Museum of the History of Polish Jews and the originator and creator of the Virtual Shtetl portal. Between 2011 and 2015, he was a member of the Board of the Association of the Jewish Historical Institute of Poland, Head of the Intangible Heritage Department at POLIN, and Adviser for Relations with the Jewish Community. A graduate of the Institute of History at the University of Szczecin, he also studied at the Hebrew University of Jerusalem and, in 2001, was a research fellow at the United States Holocaust Memorial Museum in Washington, D.C.<\/p>\n<p style=\"text-align: justify;\">He completed postgraduate studies in management at the Warsaw School of Economics and in museology at the University of Warsaw. He represents Poland in the International Holocaust Remembrance Alliance and serves on numerous museum boards, including those of the Auschwitz-Birkenau Museum, KL Plaszow Museum, POLIN Museum, Majdanek Museum, and Stutthof Museum. From 2022 to 2024, he served as Vice-Chairman of the International Auschwitz Council. He is the author of numerous educational and commemorative projects related to Jewish heritage and the Holocaust and is actively engaged in preserving historical memory both nationally and internationally.<\/p>\n<p><strong>e-mail:\u00a0<\/strong><a class=\"rcmContactAddress\" title=\"a.stankowski@muzeumtreblinka.eu\" href=\"mailto:a.stankowski@muzeumtreblinka.eu\">a.stankowski@muzeumtreblinka.eu<\/a><\/p>\n<p><strong><span class=\"tlid-translation translation\" lang=\"en\"><span class=\"\" title=\"\">Deputy Director for Administrative and Economic Affairs: <\/span><\/span><\/strong><span class=\"tlid-translation translation\" lang=\"en\"><span class=\"\" title=\"\">Iwona Wasilewska<br \/>\n<\/span><\/span><\/p>\n<p>Work hours: 8.00 a.m.-3.00 p.m.<\/p>\n<p><a href=\"mailto:i.wasilewska@muzeumtreblinka.eu\">i.wasilewska@muzeumtreblinka.eu<\/a><\/p>\n<p style=\"text-align: justify;\"><strong>O<span class=\"gt-baf-term-text\"><span class=\"gt-baf-cell gt-baf-word-clickable\">ffice<\/span><\/span>:<\/strong> Anna D\u0119bska<br \/>\nWork hours: 8.00 a.m.-4.00 p.m.<br \/>\n+48 25 781 16 58<br \/>\n<a href=\"mailto:sekretariat@muzeumtreblinka.eu\">sekretariat@muzeumtreblinka.eu<\/a><\/p>\n<p style=\"text-align: justify;\"><strong><span class=\"tlid-translation translation\" lang=\"en\"><span class=\"\" title=\"\">Chief Accountant<\/span><\/span>:<\/strong> Agnieszka Kur<br \/>\nWork hours: 8.00 a.m.-4.00 p.m.<br \/>\n<a href=\"mailto:a.kur@muzeumtreblinka.eu\">a.kur@muzeumtreblinka.eu<\/a><\/p>\n<p>[\/vc_column_text][vc_custom_heading text=&#8221;Departments&#8221; font_container=&#8221;tag:h4|font_size:23|text_align:center&#8221; use_theme_fonts=&#8221;yes&#8221;][vc_empty_space height=&#8221;20px&#8221;][vc_row_inner][vc_column_inner width=&#8221;1\/3&#8243;][vc_column_text]<\/p>\n<div class=\"text-wrap tlid-copy-target\"><strong><span class=\"tlid-translation translation\" lang=\"en\"><span class=\"\" title=\"\">HR Department<\/span><\/span>:<\/strong> Dorota D\u0119bek<\/div>\n<div class=\"text-wrap tlid-copy-target\">Work hours: 8.00 a.m.-4.00p.m.<\/div>\n<div class=\"text-wrap tlid-copy-target\">\n<p><a href=\"mailto:d.debek@muzeumtreblinka.eu\">d.debek@muzeumtreblinka.eu<\/a><\/p>\n<p class=\"result-shield-container tlid-copy-target\" tabindex=\"0\"><strong><span class=\"tlid-translation translation\" lang=\"en\"><span class=\"\" title=\"\">Finance and Accounting D<\/span><\/span><\/strong><strong><span class=\"tlid-translation translation\" lang=\"en\"><span class=\"\" title=\"\">epartment<\/span><\/span>:<\/strong><\/p>\n<p tabindex=\"0\"><strong>General accountant:<\/strong> Agnieszka Kur<br \/>\nWork hours: 8.00 a.m.-4.00p.m.<br \/>\n<a href=\"mailto:w.kwieciszewska@muzeumtreblinka.eu\">a.kur@muzeumtreblinka.eu<\/a><\/p>\n<p class=\"result-shield-container tlid-copy-target\" tabindex=\"0\">Wioletta Kwieciszewska<br \/>\nWork hours: 8.00 a.m.-4.00p.m.<br \/>\n<a href=\"mailto:w.kwieciszewska@muzeumtreblinka.eu\">w.kwieciszewska@muzeumtreblinka.eu<\/a><\/p>\n<p tabindex=\"0\">Martyna Kozera<br \/>\nWork hours: 8.00 a.m.-4.00p.m.<br \/>\n<a href=\"mailto:z.srednicka@muzeumtreblinka.eu\">m.kozera@muzeumtreblinka.eu<\/a><\/p>\n<\/div>\n<p>[\/vc_column_text][\/vc_column_inner][vc_column_inner width=&#8221;1\/3&#8243;][vc_column_text css=&#8221;&#8221;]<strong><span class=\"tlid-translation translation\" lang=\"en\"><span class=\"\" title=\"\">Educational Department<\/span><\/span>:<\/strong><\/p>\n<p>Anna Remiszewska<br \/>\nWork hours: 8.00 a.m.-4.00 p.m.<br \/>\n<a href=\"mailto:a.remiszwska@muzeumtreblinka.eu\">a.remiszewska@muzeumtreblinka.eu<\/a><\/p>\n<p>Krzysztof Fla\u017cy\u0144ski<br \/>\nWork hours: 8.00 a.m.-4.00 p.m.<br \/>\n<a href=\"mailto:a.remiszwska@muzeumtreblinka.eu\">k.flazynski@muzeumtreblinka.eu<\/a><\/p>\n<p><strong>S<span class=\"tlid-translation translation\" lang=\"en\"><span class=\"\" title=\"\">cientific Department<\/span><\/span>:<\/strong><\/p>\n<p>Monika Samuel<br \/>\nWork hours: 9.00 a.m.-7.00 p.m.<br \/>\n<a href=\"mailto:m.samuel@muzeumtreblinka.eu\">m.samuel@muzeumtreblinka.eu<\/a><br \/>\n<a href=\"mailto:laskorczakowski@muzeumtreblinka.eu\">laskorczakowski@muzeumtreblinka.eu<\/a><\/p>\n<p>Katarzyna Kaczorowska<br \/>\nWork hours: 8.00 a.m.-4.00 p.m.<br \/>\n<a href=\"mailto:k.pietrzykowska@muzeumtreblinka.eu\">k.pietrzykowska@muzeumtreblinka.eu<\/a><\/p>\n<p>Ilona Fla\u017cy\u0144ska<br \/>\nWork hours: 9.00 a.m.-4.00 p.m.<br \/>\n<a href=\"mailto:i.flazynska@muzeumtreblinka.eu\">i.flazynska@muzeumtreblinka.eu<\/a>[\/vc_column_text][\/vc_column_inner][vc_column_inner width=&#8221;1\/3&#8243;][vc_column_text]<strong><span class=\"tlid-translation translation\" lang=\"en\"><span class=\"\" title=\"\">Archive and Library: <\/span><\/span><\/strong><span class=\"tlid-translation translation\" lang=\"en\"><span class=\"\" title=\"\">Marzena Szcze\u015bniak<\/span><\/span><strong><span class=\"tlid-translation translation\" lang=\"en\"><span class=\"\" title=\"\"><br \/>\n<\/span><\/span><\/strong><span class=\"tlid-translation translation\" lang=\"en\"><span class=\"\" title=\"\">Work hours: <\/span><\/span><span class=\"tlid-translation translation\" lang=\"en\"><span class=\"\" title=\"\">8.30 a.m.-12.30 p.m.<\/span><\/span><strong><span class=\"tlid-translation translation\" lang=\"en\"><span class=\"\" title=\"\"><br \/>\n<\/span><\/span><\/strong><a href=\"mailto:m.szczesniak@muzeumtreblinka.eu\"><span class=\"tlid-translation translation\" lang=\"en\"><span class=\"\" title=\"\">m.szczesniak@muzeumtreblinka.e<\/span><\/span><span class=\"tlid-translation translation\" lang=\"en\"><span class=\"\" title=\"\">u<\/span><\/span><\/a><\/p>\n<p><strong><span class=\"tlid-translation translation\" lang=\"en\"><span class=\"\" title=\"\">Head of the Museum Security Service: <\/span><\/span><\/strong><span class=\"tlid-translation translation\" lang=\"en\"><span class=\"\" title=\"\">Krzysztof Kapusta<\/span><\/span><strong><span class=\"tlid-translation translation\" lang=\"en\"><span class=\"\" title=\"\"><br \/>\n<\/span><\/span><\/strong><span class=\"tlid-translation translation\" lang=\"en\"><span class=\"\" title=\"\">tel. 606 547 891<\/span><\/span><strong><span class=\"tlid-translation translation\" lang=\"en\"><span class=\"\" title=\"\"><br \/>\n<\/span><\/span><\/strong><span class=\"tlid-translation translation\" lang=\"en\"><span class=\"\" title=\"\"><a href=\"mailto:ochrona@muzeumtreblinka.eu\">ochrona@muzeumtreblinka.eu<\/a><\/span><\/span><\/p>\n<p><strong><span class=\"tlid-translation translation\" lang=\"en\"><span class=\"\" title=\"\">Guide service<\/span><\/span>:<\/strong><a href=\"mailto:przewodnik@muzeumtreblinka.eu\">przewodnik@muzeumtreblinka.eu<\/a><\/p>\n<p><strong><span class=\"tlid-translation translation\" lang=\"en\"><span class=\"\" title=\"\">Guide service and information in English<\/span><\/span>:<\/strong><br \/>\n<a href=\"mailto:guide@muzeumtreblinka.eu\">guide@muzeumtreblinka.eu<\/a><\/p>\n<p><strong><span class=\"tlid-translation translation\" lang=\"en\"><span class=\"\" title=\"\">Inspector of Personal Data Protection<\/span><\/span>:<\/strong> El\u017cbieta \u017bochowska<br \/>\ntel. 516 540 147<\/p>\n<div class=\"text-wrap tlid-copy-target\">\n<div class=\"result-shield-container tlid-copy-target\" tabindex=\"0\"><strong><span class=\"tlid-translation translation\" lang=\"en\"><span class=\"\" title=\"\">Legal Counsel<\/span><\/span>: <\/strong>El\u017cbieta \u017bochowska\u00a0 <a href=\"mailto:radcaprawny@muzeumtreblinka.eu\">radcaprawny@muzeumtreblinka.eu<\/a><\/div>\n<\/div>\n<p>[\/vc_column_text][\/vc_column_inner][\/vc_row_inner][\/vc_column][\/vc_row][vc_row][vc_column][vc_empty_space height=&#8221;60px&#8221;][vc_custom_heading text=&#8221;Museum Council of the Treblinka Museum.<br \/>\nThe Nazi German Extermination and Forced Labour Camp (1941-1944)&#8221; font_container=&#8221;tag:h4|font_size:23|text_align:center&#8221; use_theme_fonts=&#8221;yes&#8221;][vc_empty_space height=&#8221;20px&#8221;][\/vc_column][\/vc_row][vc_row][vc_column][vc_column_text]<\/p>\n<p style=\"text-align: justify;\">The Museum Council is an consultative body, which supervises the fulfillment of the museum\u2019s duties to collections and the public, evaluates the annual reports on the activities of the Museum submitted by the Director and gives opinions about annual activity plans presented by the Director of Museum.<\/p>\n<p style=\"text-align: justify;\">The Museum Council at the Treblinka Museum, appointed by the Board of the Masovian Voivodeship (Resolution No. 1159\/419\/23 of June 27, 2023), includes the following persons:<\/p>\n<ol>\n<li style=\"text-align: justify;\">El\u017cbieta Lanc \u2013 Chairwoman of the Museum Council<\/li>\n<li style=\"text-align: justify;\">dr hab. Zofia Chyra-Rolicz \u2013 Deputy Chairwoman of the Museum Council<\/li>\n<li>Hanna Przesmycka<\/li>\n<li>Jaros\u0142aw Sellin<\/li>\n<li>Barbara Janina Sochal<\/li>\n<li>Stanis\u0142aw Stankiewicz<\/li>\n<li>Albert Stankowski<\/li>\n<li>Artur Ziontek<\/li>\n<\/ol>\n<p>[\/vc_column_text][\/vc_column][\/vc_row]<\/p>\n<\/div>","protected":false},"excerpt":{"rendered":"<p>[vc_row][vc_column][vc_empty_space height=&#8221;60px&#8221;][vc_custom_heading text=&#8221;Structure of the museum&#8221; font_container=&#8221;tag:h3|font_size:28|text_align:left&#8221; use_theme_fonts=&#8221;yes&#8221;][cesis_line_divider pos=&#8221;cesis_line_d_left&#8221; width=&#8221;100&#8243; color=&#8221;#dbdee5&#8243; margin_bottom=&#8221;30&#8243;][vc_column_text css=&#8221;&#8221;] Museum Director: Edward Kop\u00f3wka \u2013 PhD, certified curator Born in 1963, has lived in Siedlce since 1970. In 2009, he received the title of doctor of humanities at the Podlasie Academy in Siedlce (currently the University of Life Sciences and Humanities). He [&hellip;]<\/p>\n","protected":false},"author":1,"featured_media":0,"parent":0,"menu_order":0,"comment_status":"closed","ping_status":"closed","template":"","meta":{"footnotes":""},"class_list":["post-11458","page","type-page","status-publish","hentry"],"_links":{"self":[{"href":"https:\/\/muzeumtreblinka.eu\/en\/wp-json\/wp\/v2\/pages\/11458","targetHints":{"allow":["GET"]}}],"collection":[{"href":"https:\/\/muzeumtreblinka.eu\/en\/wp-json\/wp\/v2\/pages"}],"about":[{"href":"https:\/\/muzeumtreblinka.eu\/en\/wp-json\/wp\/v2\/types\/page"}],"author":[{"embeddable":true,"href":"https:\/\/muzeumtreblinka.eu\/en\/wp-json\/wp\/v2\/users\/1"}],"replies":[{"embeddable":true,"href":"https:\/\/muzeumtreblinka.eu\/en\/wp-json\/wp\/v2\/comments?post=11458"}],"version-history":[{"count":19,"href":"https:\/\/muzeumtreblinka.eu\/en\/wp-json\/wp\/v2\/pages\/11458\/revisions"}],"predecessor-version":[{"id":25852,"href":"https:\/\/muzeumtreblinka.eu\/en\/wp-json\/wp\/v2\/pages\/11458\/revisions\/25852"}],"wp:attachment":[{"href":"https:\/\/muzeumtreblinka.eu\/en\/wp-json\/wp\/v2\/media?parent=11458"}],"curies":[{"name":"wp","href":"https:\/\/api.w.org\/{rel}","templated":true}]}}